{"id":9,"date":"2023-02-15T15:50:46","date_gmt":"2023-02-15T14:50:46","guid":{"rendered":"https:\/\/chronicallyradical.noblogs.org\/?page_id=9"},"modified":"2024-11-11T16:53:09","modified_gmt":"2024-11-11T15:53:09","slug":"about","status":"publish","type":"page","link":"https:\/\/chronicallyradical.noblogs.org\/de\/about\/","title":{"rendered":"\u00dcber den Film"},"content":{"rendered":"<p>Eine Reise zu verschiedenen Orten des Behinderungswiderstands und -aktivismus. Wie k\u00e4mpfen wir als behinderte Menschen f\u00fcr ein gutes Leben f\u00fcr alle?<\/p>\n<p>Der Film begleitet chronisch Kranke, Taube, neurodivergente, behinderte&#8230; Menschen, die sich politisch engagieren, und l\u00e4dt ein, uns dem Kampf anzuschlie\u00dfen. Ihr Widerstand richtet sich gegen Ausschluss im \u00f6ffentlichen Leben und in politischen Bewegungen. Sie k\u00e4mpfen mit altbekannten und neu geschaffenen Mitteln, mit Parteipolitik, Online-Organisierung, Demos oder direkten Aktionen.<\/p>\n<p>Wir sind dabei: In R\u00e4umen f\u00fcr Lernen und Vernetzung genauso wie in L\u00fctzerath, auf der Stra\u00dfe und bei Kletteraktionen. Wir lernen Ideen und M\u00f6glichkeiten kennen, um gemeinsam zug\u00e4ngliche Orte und Bewegungen zu bauen, und Ableismus die Stirn zu bieten.<\/p>\n","protected":false},"excerpt":{"rendered":"<p>Eine Reise zu verschiedenen Orten des Behinderungswiderstands und -aktivismus. Wie k\u00e4mpfen wir als behinderte Menschen f\u00fcr ein gutes Leben f\u00fcr alle? Der Film begleitet chronisch Kranke, Taube, neurodivergente, behinderte&#8230; Menschen, die sich politisch engagieren, und l\u00e4dt ein, uns dem Kampf anzuschlie\u00dfen. Ihr Widerstand richtet sich gegen Ausschluss im \u00f6ffentlichen Leben und in politischen Bewegungen. Sie &hellip; <a href=\"https:\/\/chronicallyradical.noblogs.org\/de\/about\/\" class=\"more-link\"><span class=\"screen-reader-text\">\u00dcber den Film<\/span> weiterlesen <span class=\"meta-nav\">&rarr;<\/span><\/a><\/p>\n","protected":false},"author":9790,"featured_media":0,"parent":0,"menu_order":0,"comment_status":"closed","ping_status":"closed","template":"","meta":{"_locale":"de_DE","_original_post":"https:\/\/chronicallyradical.noblogs.org\/?page_id=6","footnotes":""},"class_list":["post-9","page","type-page","status-publish","hentry","de-DE"],"_links":{"self":[{"href":"https:\/\/chronicallyradical.noblogs.org\/wp-json\/wp\/v2\/pages\/9","targetHints":{"allow":["GET"]}}],"collection":[{"href":"https:\/\/chronicallyradical.noblogs.org\/wp-json\/wp\/v2\/pages"}],"about":[{"href":"https:\/\/chronicallyradical.noblogs.org\/wp-json\/wp\/v2\/types\/page"}],"author":[{"embeddable":true,"href":"https:\/\/chronicallyradical.noblogs.org\/wp-json\/wp\/v2\/users\/9790"}],"replies":[{"embeddable":true,"href":"https:\/\/chronicallyradical.noblogs.org\/wp-json\/wp\/v2\/comments?post=9"}],"version-history":[{"count":2,"href":"https:\/\/chronicallyradical.noblogs.org\/wp-json\/wp\/v2\/pages\/9\/revisions"}],"predecessor-version":[{"id":107,"href":"https:\/\/chronicallyradical.noblogs.org\/wp-json\/wp\/v2\/pages\/9\/revisions\/107"}],"wp:attachment":[{"href":"https:\/\/chronicallyradical.noblogs.org\/wp-json\/wp\/v2\/media?parent=9"}],"curies":[{"name":"wp","href":"https:\/\/api.w.org\/{rel}","templated":true}]}}